{"id":3317,"date":"2017-10-24T17:03:28","date_gmt":"2017-10-24T21:03:28","guid":{"rendered":"https:\/\/concrea.ca\/nous-joindre\/"},"modified":"2024-11-18T09:25:59","modified_gmt":"2024-11-18T14:25:59","slug":"contact-us","status":"publish","type":"page","link":"https:\/\/concrea.ca\/en\/contact-us\/","title":{"rendered":"Contact us"},"content":{"rendered":"<p>[et_pb_section fb_built=&#8221;1&#8243; fullwidth=&#8221;on&#8221; module_class=&#8221;firsthead&#8221; _builder_version=&#8221;4.16&#8243; global_colors_info=&#8221;{}&#8221;][et_pb_fullwidth_header title=&#8221;CONTACT CONCREA&#8221; subhead=&#8221;If you have any questions or would like to meet with our team to discuss your construction projects, please contact us.&#8221; _builder_version=&#8221;4.21.0&#8243; background_enable_color=&#8221;off&#8221; background_image=&#8221;https:\/\/concrea.ca\/wp-content\/uploads\/2022\/03\/Header_nous-joindre.jpg&#8221; global_colors_info=&#8221;{}&#8221;][\/et_pb_fullwidth_header][\/et_pb_section][et_pb_section fb_built=&#8221;1&#8243; _builder_version=&#8221;4.16&#8243; _module_preset=&#8221;default&#8221; custom_padding=&#8221;0px||||false|false&#8221; global_colors_info=&#8221;{}&#8221;][et_pb_row column_structure=&#8221;1_2,1_2&#8243; use_custom_gutter=&#8221;on&#8221; gutter_width=&#8221;1&#8243; make_equal=&#8221;on&#8221; _builder_version=&#8221;4.16&#8243; _module_preset=&#8221;default&#8221; width=&#8221;100%&#8221; max_width=&#8221;1920px&#8221; global_colors_info=&#8221;{}&#8221;][et_pb_column type=&#8221;1_2&#8243; _builder_version=&#8221;4.16&#8243; _module_preset=&#8221;default&#8221; global_colors_info=&#8221;{}&#8221;][et_pb_map google_api_key=&#8221;AIzaSyBq-vkdRaXl9imhsSbQ_74NoFUu_fbWpMg&#8221; zoom_level=&#8221;7&#8243; address_lat=&#8221;46.163912673237&#8243; address_lng=&#8221;-72.310164314134&#8243; use_grayscale_filter=&#8221;on&#8221; grayscale_filter_amount=&#8221;100&#8243; _builder_version=&#8221;4.27.2&#8243; _module_preset=&#8221;default&#8221; height=&#8221;520px&#8221; child_filter_saturate=&#8221;0%&#8221; hover_enabled=&#8221;0&#8243; global_colors_info=&#8221;{}&#8221; sticky_enabled=&#8221;0&#8243;][et_pb_map_pin title=&#8221;Head Office&#8221; pin_address=&#8221;685 8e Rue, Saint-Georges, QC G5Y 0S9, Canada&#8221; zoom_level=&#8221;17&#8243; pin_address_lat=&#8221;46.1182391&#8243; pin_address_lng=&#8221;-70.6854711&#8243; _builder_version=&#8221;4.21.0&#8243; _module_preset=&#8221;default&#8221; global_colors_info=&#8221;{}&#8221;]<\/p>\n<p>685, 8e Rue, Saint-Georges (Qu\u00e9bec)\u00a0 G5Y 0S9<\/p>\n<p>[\/et_pb_map_pin][et_pb_map_pin title=&#8221;L\u00e9vis Office&#8221; pin_address=&#8221;1221 Rue de Courchevel bureau 103, L\u00e9vis, QC G6W 0V8, Canada&#8221; zoom_level=&#8221;17&#8243; pin_address_lat=&#8221;46.7330137&#8243; pin_address_lng=&#8221;-71.2604518&#8243; _builder_version=&#8221;4.21.0&#8243; _module_preset=&#8221;default&#8221; global_colors_info=&#8221;{}&#8221;]<\/p>\n<p>1221, rue Courchevel, bureau 103, L\u00e9vis (Qu\u00e9bec)\u00a0\u00a0G6W 0V8<\/p>\n<p>[\/et_pb_map_pin][et_pb_map_pin title=&#8221;Brossard Office&#8221; pin_address=&#8221;9150 Boulevard Leduc Suite 302, Brossard, QC J4Y 0E9, Canada&#8221; zoom_level=&#8221;17&#8243; pin_address_lat=&#8221;45.4481216&#8243; pin_address_lng=&#8221;-73.4370009&#8243; _builder_version=&#8221;4.27.2&#8243; _module_preset=&#8221;default&#8221; global_colors_info=&#8221;{}&#8221; hover_enabled=&#8221;0&#8243; sticky_enabled=&#8221;0&#8243;]<\/p>\n<p>100, rue du Lux, bureau 302-A, Brossard (Qu\u00e9bec)\u00a0\u00a0J4Y 0E3<\/p>\n<p>[\/et_pb_map_pin][\/et_pb_map][\/et_pb_column][et_pb_column type=&#8221;1_2&#8243; _builder_version=&#8221;4.16&#8243; _module_preset=&#8221;default&#8221; global_colors_info=&#8221;{}&#8221;][et_pb_text module_class=&#8221;text-contact&#8221; _builder_version=&#8221;4.27.2&#8243; _module_preset=&#8221;default&#8221; background_color=&#8221;#dadada&#8221; height=&#8221;100%&#8221; hover_enabled=&#8221;0&#8243; global_colors_info=&#8221;{}&#8221; sticky_enabled=&#8221;0&#8243;]<\/p>\n<p>Phone <a href=\"tel:4182278151\"><strong>418 227-8151<\/strong><\/a><br \/>Fax <strong>418 227-8148<\/strong><\/p>\n<p><a href=\"mailto:info@concrea.ca\"><strong>info@concrea.ca<\/strong><\/a><\/p>\n<p>Head Office<br \/><strong>685, 8e Rue, Saint-Georges (Qu\u00e9bec)\u00a0 G5Y 0S9<\/strong><\/p>\n<p>L\u00e9vis Office<br \/><strong>1221, rue Courchevel, bureau 103, L\u00e9vis (Qu\u00e9bec)\u00a0\u00a0G6W 0V8<\/strong><\/p>\n<p>Brossard Office<br \/><strong>100, rue du Lux, bureau 302-A, Brossard (Qu\u00e9bec)\u00a0\u00a0J4Y 0E3<\/strong><\/p>\n<p>[\/et_pb_text][\/et_pb_column][\/et_pb_row][\/et_pb_section]<\/p>\n","protected":false},"excerpt":{"rendered":"<p>685, 8e Rue, Saint-Georges (Qu\u00e9bec)\u00a0 G5Y 0S91221, rue Courchevel, bureau 103, L\u00e9vis (Qu\u00e9bec)\u00a0\u00a0G6W 0V8100, rue du Lux, bureau 302-A, Brossard (Qu\u00e9bec)\u00a0\u00a0J4Y 0E3Phone 418 227-8151Fax 418 227-8148 info@concrea.ca Head Office685, 8e Rue, Saint-Georges (Qu\u00e9bec)\u00a0 G5Y 0S9 L\u00e9vis Office1221, rue Courchevel, bureau 103, L\u00e9vis (Qu\u00e9bec)\u00a0\u00a0G6W 0V8 Brossard Office100, rue du Lux, bureau 302-A, Brossard (Qu\u00e9bec)\u00a0\u00a0J4Y 0E3<\/p>\n","protected":false},"author":1,"featured_media":3318,"parent":0,"menu_order":-16,"comment_status":"closed","ping_status":"closed","template":"","meta":{"_acf_changed":false,"_et_pb_use_builder":"on","_et_pb_old_content":"","_et_gb_content_width":"","footnotes":""},"class_list":["post-3317","page","type-page","status-publish","has-post-thumbnail","hentry"],"acf":[],"yoast_head":"<!-- This site is optimized with the Yoast SEO plugin v27.6 - https:\/\/yoast.com\/product\/yoast-seo-wordpress\/ -->\n<title>General Construction Contractor in Saint-Georges | CONCREA<\/title>\n<meta name=\"description\" content=\"Contact CONCREA, construction contractor in Saint-Georges de Beauce, for all your major commercial and multi-residential projects.\" \/>\n<meta name=\"robots\" content=\"index, follow, max-snippet:-1, max-image-preview:large, max-video-preview:-1\" \/>\n<link rel=\"canonical\" href=\"https:\/\/concrea.ca\/en\/contact-us\/\" \/>\n<meta property=\"og:locale\" content=\"en_US\" \/>\n<meta property=\"og:type\" content=\"article\" \/>\n<meta property=\"og:title\" content=\"General Construction Contractor in Saint-Georges | CONCREA\" \/>\n<meta property=\"og:description\" content=\"Contact CONCREA, construction contractor in Saint-Georges de Beauce, for all your major commercial and multi-residential projects.\" \/>\n<meta property=\"og:url\" content=\"https:\/\/concrea.ca\/en\/contact-us\/\" \/>\n<meta property=\"og:site_name\" content=\"Catalogue CONCREA\" \/>\n<meta property=\"article:modified_time\" content=\"2024-11-18T14:25:59+00:00\" \/>\n<meta property=\"og:image\" content=\"https:\/\/concrea.ca\/wp-content\/uploads\/2022\/03\/Header_nous-joindre.jpg\" \/>\n\t<meta property=\"og:image:width\" content=\"1500\" \/>\n\t<meta property=\"og:image:height\" content=\"886\" \/>\n\t<meta property=\"og:image:type\" content=\"image\/jpeg\" \/>\n<meta name=\"twitter:card\" content=\"summary_large_image\" \/>\n<meta name=\"twitter:label1\" content=\"Est. reading time\" \/>\n\t<meta name=\"twitter:data1\" content=\"1 minute\" \/>\n<script type=\"application\/ld+json\" class=\"yoast-schema-graph\">{\"@context\":\"https:\\\/\\\/schema.org\",\"@graph\":[{\"@type\":\"WebPage\",\"@id\":\"https:\\\/\\\/concrea.ca\\\/en\\\/contact-us\\\/\",\"url\":\"https:\\\/\\\/concrea.ca\\\/en\\\/contact-us\\\/\",\"name\":\"General Construction Contractor in Saint-Georges | CONCREA\",\"isPartOf\":{\"@id\":\"https:\\\/\\\/concrea.ca\\\/en\\\/#website\"},\"primaryImageOfPage\":{\"@id\":\"https:\\\/\\\/concrea.ca\\\/en\\\/contact-us\\\/#primaryimage\"},\"image\":{\"@id\":\"https:\\\/\\\/concrea.ca\\\/en\\\/contact-us\\\/#primaryimage\"},\"thumbnailUrl\":\"https:\\\/\\\/concrea.ca\\\/wp-content\\\/uploads\\\/2022\\\/03\\\/Header_nous-joindre.jpg\",\"datePublished\":\"2017-10-24T21:03:28+00:00\",\"dateModified\":\"2024-11-18T14:25:59+00:00\",\"description\":\"Contact CONCREA, construction contractor in Saint-Georges de Beauce, for all your major commercial and multi-residential projects.\",\"breadcrumb\":{\"@id\":\"https:\\\/\\\/concrea.ca\\\/en\\\/contact-us\\\/#breadcrumb\"},\"inLanguage\":\"en-US\",\"potentialAction\":[{\"@type\":\"ReadAction\",\"target\":[\"https:\\\/\\\/concrea.ca\\\/en\\\/contact-us\\\/\"]}]},{\"@type\":\"ImageObject\",\"inLanguage\":\"en-US\",\"@id\":\"https:\\\/\\\/concrea.ca\\\/en\\\/contact-us\\\/#primaryimage\",\"url\":\"https:\\\/\\\/concrea.ca\\\/wp-content\\\/uploads\\\/2022\\\/03\\\/Header_nous-joindre.jpg\",\"contentUrl\":\"https:\\\/\\\/concrea.ca\\\/wp-content\\\/uploads\\\/2022\\\/03\\\/Header_nous-joindre.jpg\",\"width\":1500,\"height\":886},{\"@type\":\"BreadcrumbList\",\"@id\":\"https:\\\/\\\/concrea.ca\\\/en\\\/contact-us\\\/#breadcrumb\",\"itemListElement\":[{\"@type\":\"ListItem\",\"position\":1,\"name\":\"Home\",\"item\":\"https:\\\/\\\/concrea.ca\\\/en\\\/\"},{\"@type\":\"ListItem\",\"position\":2,\"name\":\"Contact us\"}]},{\"@type\":\"WebSite\",\"@id\":\"https:\\\/\\\/concrea.ca\\\/en\\\/#website\",\"url\":\"https:\\\/\\\/concrea.ca\\\/en\\\/\",\"name\":\"Catalogue CONCREA\",\"description\":\"\",\"potentialAction\":[{\"@type\":\"SearchAction\",\"target\":{\"@type\":\"EntryPoint\",\"urlTemplate\":\"https:\\\/\\\/concrea.ca\\\/en\\\/?s={search_term_string}\"},\"query-input\":{\"@type\":\"PropertyValueSpecification\",\"valueRequired\":true,\"valueName\":\"search_term_string\"}}],\"inLanguage\":\"en-US\"}]}<\/script>\n<!-- \/ Yoast SEO plugin. -->","yoast_head_json":{"title":"General Construction Contractor in Saint-Georges | CONCREA","description":"Contact CONCREA, construction contractor in Saint-Georges de Beauce, for all your major commercial and multi-residential projects.","robots":{"index":"index","follow":"follow","max-snippet":"max-snippet:-1","max-image-preview":"max-image-preview:large","max-video-preview":"max-video-preview:-1"},"canonical":"https:\/\/concrea.ca\/en\/contact-us\/","og_locale":"en_US","og_type":"article","og_title":"General Construction Contractor in Saint-Georges | CONCREA","og_description":"Contact CONCREA, construction contractor in Saint-Georges de Beauce, for all your major commercial and multi-residential projects.","og_url":"https:\/\/concrea.ca\/en\/contact-us\/","og_site_name":"Catalogue CONCREA","article_modified_time":"2024-11-18T14:25:59+00:00","og_image":[{"width":1500,"height":886,"url":"https:\/\/concrea.ca\/wp-content\/uploads\/2022\/03\/Header_nous-joindre.jpg","type":"image\/jpeg"}],"twitter_card":"summary_large_image","twitter_misc":{"Est. reading time":"1 minute"},"schema":{"@context":"https:\/\/schema.org","@graph":[{"@type":"WebPage","@id":"https:\/\/concrea.ca\/en\/contact-us\/","url":"https:\/\/concrea.ca\/en\/contact-us\/","name":"General Construction Contractor in Saint-Georges | CONCREA","isPartOf":{"@id":"https:\/\/concrea.ca\/en\/#website"},"primaryImageOfPage":{"@id":"https:\/\/concrea.ca\/en\/contact-us\/#primaryimage"},"image":{"@id":"https:\/\/concrea.ca\/en\/contact-us\/#primaryimage"},"thumbnailUrl":"https:\/\/concrea.ca\/wp-content\/uploads\/2022\/03\/Header_nous-joindre.jpg","datePublished":"2017-10-24T21:03:28+00:00","dateModified":"2024-11-18T14:25:59+00:00","description":"Contact CONCREA, construction contractor in Saint-Georges de Beauce, for all your major commercial and multi-residential projects.","breadcrumb":{"@id":"https:\/\/concrea.ca\/en\/contact-us\/#breadcrumb"},"inLanguage":"en-US","potentialAction":[{"@type":"ReadAction","target":["https:\/\/concrea.ca\/en\/contact-us\/"]}]},{"@type":"ImageObject","inLanguage":"en-US","@id":"https:\/\/concrea.ca\/en\/contact-us\/#primaryimage","url":"https:\/\/concrea.ca\/wp-content\/uploads\/2022\/03\/Header_nous-joindre.jpg","contentUrl":"https:\/\/concrea.ca\/wp-content\/uploads\/2022\/03\/Header_nous-joindre.jpg","width":1500,"height":886},{"@type":"BreadcrumbList","@id":"https:\/\/concrea.ca\/en\/contact-us\/#breadcrumb","itemListElement":[{"@type":"ListItem","position":1,"name":"Home","item":"https:\/\/concrea.ca\/en\/"},{"@type":"ListItem","position":2,"name":"Contact us"}]},{"@type":"WebSite","@id":"https:\/\/concrea.ca\/en\/#website","url":"https:\/\/concrea.ca\/en\/","name":"Catalogue CONCREA","description":"","potentialAction":[{"@type":"SearchAction","target":{"@type":"EntryPoint","urlTemplate":"https:\/\/concrea.ca\/en\/?s={search_term_string}"},"query-input":{"@type":"PropertyValueSpecification","valueRequired":true,"valueName":"search_term_string"}}],"inLanguage":"en-US"}]}},"jetpack_sharing_enabled":true,"_links":{"self":[{"href":"https:\/\/concrea.ca\/en\/wp-json\/wp\/v2\/pages\/3317","targetHints":{"allow":["GET"]}}],"collection":[{"href":"https:\/\/concrea.ca\/en\/wp-json\/wp\/v2\/pages"}],"about":[{"href":"https:\/\/concrea.ca\/en\/wp-json\/wp\/v2\/types\/page"}],"author":[{"embeddable":true,"href":"https:\/\/concrea.ca\/en\/wp-json\/wp\/v2\/users\/1"}],"replies":[{"embeddable":true,"href":"https:\/\/concrea.ca\/en\/wp-json\/wp\/v2\/comments?post=3317"}],"version-history":[{"count":5,"href":"https:\/\/concrea.ca\/en\/wp-json\/wp\/v2\/pages\/3317\/revisions"}],"predecessor-version":[{"id":5092,"href":"https:\/\/concrea.ca\/en\/wp-json\/wp\/v2\/pages\/3317\/revisions\/5092"}],"wp:featuredmedia":[{"embeddable":true,"href":"https:\/\/concrea.ca\/en\/wp-json\/wp\/v2\/media\/3318"}],"wp:attachment":[{"href":"https:\/\/concrea.ca\/en\/wp-json\/wp\/v2\/media?parent=3317"}],"curies":[{"name":"wp","href":"https:\/\/api.w.org\/{rel}","templated":true}]}}